{"id":87123,"date":"2024-02-25T15:21:51","date_gmt":"2024-02-25T14:21:51","guid":{"rendered":"https:\/\/www.olivery.com\/?post_type=product&#038;p=87123"},"modified":"2025-02-13T15:56:46","modified_gmt":"2025-02-13T14:56:46","slug":"il-riso-acquerello-carnaroli-risottorijst","status":"publish","type":"product","link":"https:\/\/olivery.com\/en\/product\/il-riso-acquerello-carnaroli-risottorijst\/","title":{"rendered":"Il Riso Acquerello | Carnaroli Risottorijst"},"content":{"rendered":"<h4>Lekker. Makkelijk. Thuisbezorgd.<\/h4>\n<h2>Carnaroli Risottorijst van Acquerello<\/h2>\n","protected":false},"excerpt":{"rendered":"<p>Riso Acquerello is \u00e9\u00e9n van de beste en bekendste rijstproducenten van Itali\u00eb. Volgens sterrenchefs zelfs de Ferrari onder risottorijst. Na de oogst ondergaat de carnaroli rijst een rijping in speciale koelsilo\u2019s van een jaar. Hierdoor verliest deze rijst bij de bereiding heel weinig zetmeel en neemt deze veel vocht op. De korrels plakken niet aan elkaar, maar &#8216;ballano in bocca&#8217;: ze dansen in de mond. Door het grote absorbatievermogen nemen de korrels enorm in grootte toe en gaat alle smaak in de korrel zitten in plaats van erbuiten.<\/p>\n<p>Dat is nou precies wat je wil.<\/p>\n","protected":false},"featured_media":87146,"template":"","meta":{"_acf_changed":false,"inline_featured_image":false},"product_cat":[20],"product_tag":[],"class_list":["post-87123","product","type-product","status-publish","has-post-thumbnail","hentry","product_cat-uncategorized"],"acf":[],"yoast_head":"<!-- This site is optimized with the Yoast SEO plugin v23.5 - https:\/\/yoast.com\/wordpress\/plugins\/seo\/ -->\n<title>Il Riso Acquerello | Carnaroli Risottorijst - Olivery<\/title>\n<meta name=\"robots\" content=\"index, follow, max-snippet:-1, max-image-preview:large, max-video-preview:-1\" \/>\n<link rel=\"canonical\" href=\"https:\/\/olivery.com\/en\/product\/il-riso-acquerello-carnaroli-risottorijst\/\" \/>\n<meta property=\"og:locale\" content=\"en_US\" \/>\n<meta property=\"og:type\" content=\"article\" \/>\n<meta property=\"og:title\" content=\"Il Riso Acquerello | Carnaroli Risottorijst - Olivery\" \/>\n<meta property=\"og:description\" content=\"Riso Acquerello is \u00e9\u00e9n van de beste en bekendste rijstproducenten van Itali\u00eb. Volgens sterrenchefs zelfs de Ferrari onder risottorijst. Na de oogst ondergaat de carnaroli rijst een rijping in speciale koelsilo\u2019s van een jaar. Hierdoor verliest deze rijst bij de bereiding heel weinig zetmeel en neemt deze veel vocht op. De korrels plakken niet aan elkaar, maar &#039;ballano in bocca&#039;: ze dansen in de mond. Door het grote absorbatievermogen nemen de korrels enorm in grootte toe en gaat alle smaak in de korrel zitten in plaats van erbuiten.  Dat is nou precies wat je wil.\" \/>\n<meta property=\"og:url\" content=\"https:\/\/olivery.com\/en\/product\/il-riso-acquerello-carnaroli-risottorijst\/\" \/>\n<meta property=\"og:site_name\" content=\"Olivery\" \/>\n<meta property=\"article:modified_time\" content=\"2025-02-13T14:56:46+00:00\" \/>\n<meta property=\"og:image\" content=\"https:\/\/olivery.com\/wp-content\/uploads\/2024\/02\/oLivery-Acquerello-il-riso-risotto-rijst-250g.jpg\" \/>\n\t<meta property=\"og:image:width\" content=\"800\" \/>\n\t<meta property=\"og:image:height\" content=\"800\" \/>\n\t<meta property=\"og:image:type\" content=\"image\/jpeg\" \/>\n<meta name=\"twitter:card\" content=\"summary_large_image\" \/>\n<script type=\"application\/ld+json\" class=\"yoast-schema-graph\">{\"@context\":\"https:\/\/schema.org\",\"@graph\":[{\"@type\":\"WebPage\",\"@id\":\"https:\/\/olivery.com\/en\/product\/il-riso-acquerello-carnaroli-risottorijst\/\",\"url\":\"https:\/\/olivery.com\/en\/product\/il-riso-acquerello-carnaroli-risottorijst\/\",\"name\":\"Il Riso Acquerello | Carnaroli Risottorijst - Olivery\",\"isPartOf\":{\"@id\":\"https:\/\/olivery.com\/en\/#website\"},\"primaryImageOfPage\":{\"@id\":\"https:\/\/olivery.com\/en\/product\/il-riso-acquerello-carnaroli-risottorijst\/#primaryimage\"},\"image\":{\"@id\":\"https:\/\/olivery.com\/en\/product\/il-riso-acquerello-carnaroli-risottorijst\/#primaryimage\"},\"thumbnailUrl\":\"https:\/\/olivery.com\/wp-content\/uploads\/2024\/02\/oLivery-Acquerello-il-riso-risotto-rijst-250g.jpg\",\"datePublished\":\"2024-02-25T14:21:51+00:00\",\"dateModified\":\"2025-02-13T14:56:46+00:00\",\"breadcrumb\":{\"@id\":\"https:\/\/olivery.com\/en\/product\/il-riso-acquerello-carnaroli-risottorijst\/#breadcrumb\"},\"inLanguage\":\"en-US\",\"potentialAction\":[{\"@type\":\"ReadAction\",\"target\":[\"https:\/\/olivery.com\/en\/product\/il-riso-acquerello-carnaroli-risottorijst\/\"]}]},{\"@type\":\"ImageObject\",\"inLanguage\":\"en-US\",\"@id\":\"https:\/\/olivery.com\/en\/product\/il-riso-acquerello-carnaroli-risottorijst\/#primaryimage\",\"url\":\"https:\/\/olivery.com\/wp-content\/uploads\/2024\/02\/oLivery-Acquerello-il-riso-risotto-rijst-250g.jpg\",\"contentUrl\":\"https:\/\/olivery.com\/wp-content\/uploads\/2024\/02\/oLivery-Acquerello-il-riso-risotto-rijst-250g.jpg\",\"width\":800,\"height\":800},{\"@type\":\"BreadcrumbList\",\"@id\":\"https:\/\/olivery.com\/en\/product\/il-riso-acquerello-carnaroli-risottorijst\/#breadcrumb\",\"itemListElement\":[{\"@type\":\"ListItem\",\"position\":1,\"name\":\"Home\",\"item\":\"https:\/\/olivery.com\/en\/\"},{\"@type\":\"ListItem\",\"position\":2,\"name\":\"Shop\",\"item\":\"https:\/\/olivery.com\/en\/olive-oil-shop\/\"},{\"@type\":\"ListItem\",\"position\":3,\"name\":\"Il Riso Acquerello | Carnaroli Risottorijst\"}]},{\"@type\":\"WebSite\",\"@id\":\"https:\/\/olivery.com\/en\/#website\",\"url\":\"https:\/\/olivery.com\/en\/\",\"name\":\"Olivery - olijfolie made easy\",\"description\":\"The best Italian olive oil\",\"alternateName\":\"Olivery\",\"potentialAction\":[{\"@type\":\"SearchAction\",\"target\":{\"@type\":\"EntryPoint\",\"urlTemplate\":\"https:\/\/olivery.com\/en\/?s={search_term_string}\"},\"query-input\":{\"@type\":\"PropertyValueSpecification\",\"valueRequired\":true,\"valueName\":\"search_term_string\"}}],\"inLanguage\":\"en-US\"}]}<\/script>\n<!-- \/ Yoast SEO plugin. -->","yoast_head_json":{"title":"Il Riso Acquerello | Carnaroli Risottorijst - Olivery","robots":{"index":"index","follow":"follow","max-snippet":"max-snippet:-1","max-image-preview":"max-image-preview:large","max-video-preview":"max-video-preview:-1"},"canonical":"https:\/\/olivery.com\/en\/product\/il-riso-acquerello-carnaroli-risottorijst\/","og_locale":"en_US","og_type":"article","og_title":"Il Riso Acquerello | Carnaroli Risottorijst - Olivery","og_description":"Riso Acquerello is \u00e9\u00e9n van de beste en bekendste rijstproducenten van Itali\u00eb. Volgens sterrenchefs zelfs de Ferrari onder risottorijst. Na de oogst ondergaat de carnaroli rijst een rijping in speciale koelsilo\u2019s van een jaar. Hierdoor verliest deze rijst bij de bereiding heel weinig zetmeel en neemt deze veel vocht op. De korrels plakken niet aan elkaar, maar 'ballano in bocca': ze dansen in de mond. Door het grote absorbatievermogen nemen de korrels enorm in grootte toe en gaat alle smaak in de korrel zitten in plaats van erbuiten.  Dat is nou precies wat je wil.","og_url":"https:\/\/olivery.com\/en\/product\/il-riso-acquerello-carnaroli-risottorijst\/","og_site_name":"Olivery","article_modified_time":"2025-02-13T14:56:46+00:00","og_image":[{"width":800,"height":800,"url":"https:\/\/olivery.com\/wp-content\/uploads\/2024\/02\/oLivery-Acquerello-il-riso-risotto-rijst-250g.jpg","type":"image\/jpeg"}],"twitter_card":"summary_large_image","schema":{"@context":"https:\/\/schema.org","@graph":[{"@type":"WebPage","@id":"https:\/\/olivery.com\/en\/product\/il-riso-acquerello-carnaroli-risottorijst\/","url":"https:\/\/olivery.com\/en\/product\/il-riso-acquerello-carnaroli-risottorijst\/","name":"Il Riso Acquerello | Carnaroli Risottorijst - Olivery","isPartOf":{"@id":"https:\/\/olivery.com\/en\/#website"},"primaryImageOfPage":{"@id":"https:\/\/olivery.com\/en\/product\/il-riso-acquerello-carnaroli-risottorijst\/#primaryimage"},"image":{"@id":"https:\/\/olivery.com\/en\/product\/il-riso-acquerello-carnaroli-risottorijst\/#primaryimage"},"thumbnailUrl":"https:\/\/olivery.com\/wp-content\/uploads\/2024\/02\/oLivery-Acquerello-il-riso-risotto-rijst-250g.jpg","datePublished":"2024-02-25T14:21:51+00:00","dateModified":"2025-02-13T14:56:46+00:00","breadcrumb":{"@id":"https:\/\/olivery.com\/en\/product\/il-riso-acquerello-carnaroli-risottorijst\/#breadcrumb"},"inLanguage":"en-US","potentialAction":[{"@type":"ReadAction","target":["https:\/\/olivery.com\/en\/product\/il-riso-acquerello-carnaroli-risottorijst\/"]}]},{"@type":"ImageObject","inLanguage":"en-US","@id":"https:\/\/olivery.com\/en\/product\/il-riso-acquerello-carnaroli-risottorijst\/#primaryimage","url":"https:\/\/olivery.com\/wp-content\/uploads\/2024\/02\/oLivery-Acquerello-il-riso-risotto-rijst-250g.jpg","contentUrl":"https:\/\/olivery.com\/wp-content\/uploads\/2024\/02\/oLivery-Acquerello-il-riso-risotto-rijst-250g.jpg","width":800,"height":800},{"@type":"BreadcrumbList","@id":"https:\/\/olivery.com\/en\/product\/il-riso-acquerello-carnaroli-risottorijst\/#breadcrumb","itemListElement":[{"@type":"ListItem","position":1,"name":"Home","item":"https:\/\/olivery.com\/en\/"},{"@type":"ListItem","position":2,"name":"Shop","item":"https:\/\/olivery.com\/en\/olive-oil-shop\/"},{"@type":"ListItem","position":3,"name":"Il Riso Acquerello | Carnaroli Risottorijst"}]},{"@type":"WebSite","@id":"https:\/\/olivery.com\/en\/#website","url":"https:\/\/olivery.com\/en\/","name":"Olivery - olijfolie made easy","description":"The best Italian olive oil","alternateName":"Olivery","potentialAction":[{"@type":"SearchAction","target":{"@type":"EntryPoint","urlTemplate":"https:\/\/olivery.com\/en\/?s={search_term_string}"},"query-input":{"@type":"PropertyValueSpecification","valueRequired":true,"valueName":"search_term_string"}}],"inLanguage":"en-US"}]}},"_links":{"self":[{"href":"https:\/\/olivery.com\/en\/wp-json\/wp\/v2\/product\/87123","targetHints":{"allow":["GET"]}}],"collection":[{"href":"https:\/\/olivery.com\/en\/wp-json\/wp\/v2\/product"}],"about":[{"href":"https:\/\/olivery.com\/en\/wp-json\/wp\/v2\/types\/product"}],"wp:featuredmedia":[{"embeddable":true,"href":"https:\/\/olivery.com\/en\/wp-json\/wp\/v2\/media\/87146"}],"wp:attachment":[{"href":"https:\/\/olivery.com\/en\/wp-json\/wp\/v2\/media?parent=87123"}],"wp:term":[{"taxonomy":"product_cat","embeddable":true,"href":"https:\/\/olivery.com\/en\/wp-json\/wp\/v2\/product_cat?post=87123"},{"taxonomy":"product_tag","embeddable":true,"href":"https:\/\/olivery.com\/en\/wp-json\/wp\/v2\/product_tag?post=87123"}],"curies":[{"name":"wp","href":"https:\/\/api.w.org\/{rel}","templated":true}]}}